{"id":2,"date":"2019-05-22T15:02:03","date_gmt":"2019-05-22T15:02:03","guid":{"rendered":"http:\/\/s785173095.online.de\/?page_id=2"},"modified":"2020-01-26T11:02:46","modified_gmt":"2020-01-26T11:02:46","slug":"sample-page","status":"publish","type":"page","link":"https:\/\/galaplan-groothusen.de\/?page_id=2","title":{"rendered":"Freiraumplanung"},"content":{"rendered":"\n<figure class=\"wp-block-image\"><img decoding=\"async\" loading=\"lazy\" width=\"683\" height=\"512\" src=\"http:\/\/galaplan-groothusen.de\/wp-content\/uploads\/2019\/09\/P1070224-683x512.jpg\" alt=\"\" class=\"wp-image-200\" srcset=\"https:\/\/galaplan-groothusen.de\/wp-content\/uploads\/2019\/09\/P1070224-683x512.jpg 683w, https:\/\/galaplan-groothusen.de\/wp-content\/uploads\/2019\/09\/P1070224-300x225.jpg 300w, https:\/\/galaplan-groothusen.de\/wp-content\/uploads\/2019\/09\/P1070224-768x576.jpg 768w\" sizes=\"(max-width: 683px) 100vw, 683px\" \/><\/figure>\n\n\n\n<ul><li>Entwurfs- und Gestaltungsplanung \u00f6ffentlicher Freir\u00e4ume und privater Gartenanlagen<\/li><li>Erstellung von Leistungsverzeichnissen f\u00fcr Landschaftsbauarbeiten sowie Baubegleitung w\u00e4hrend der Umsetzung geplanter Ma\u00dfnahmen bis hin zur Abrechnung und Abnahme ausgef\u00fchrter Leistungen<\/li><\/ul>\n\n\n\n<p>Spezielle Leistungen f\u00fcr Privatgartenbesitzer:<\/p>\n\n\n\n<ul><li>Beratung zur Pflanzen- und Materialverwendung f\u00fcr Alt- und Neuanlagen <\/li><li>Erarbeitung von Vorschl\u00e4gen zur Neugestaltung eines Gartens auf konzeptioneller Ebene.  Auch in bereits bestehenden G\u00e4rten kann es sinnvoll sein, den vorhandenen Bestand der strukturgebenden Pflanzen neu zu ordnen und den Garten mit wenigen Mitteln im Sinne einer gestalterischen Aufwertung sowie zur Reduzierung des Pflegeaufwandes umzugestalten <\/li><li>Beratung und\/oder Schulung zur Durchf\u00fchrung eines fachgerechten Geh\u00f6lzschnittes (Baumschnitt, Obstbaumschnitt und Strauchschnitt)<\/li><\/ul>\n\n\n\n<p><\/p>\n\n\n\n<p><\/p>\n\n\n\n<p><\/p>\n\n\n\n<p><\/p>\n","protected":false},"excerpt":{"rendered":"<p>Entwurfs- und Gestaltungsplanung \u00f6ffentlicher Freir\u00e4ume und privater Gartenanlagen Erstellung von Leistungsverzeichnissen f\u00fcr Landschaftsbauarbeiten sowie Baubegleitung w\u00e4hrend der Umsetzung geplanter Ma\u00dfnahmen bis hin zur Abrechnung und Abnahme ausgef\u00fchrter Leistungen Spezielle Leistungen f\u00fcr Privatgartenbesitzer: Beratung zur Pflanzen- und Materialverwendung f\u00fcr Alt- und Neuanlagen Erarbeitung von Vorschl\u00e4gen zur Neugestaltung eines Gartens auf konzeptioneller Ebene. Auch in bereits bestehenden &hellip; <\/p>\n<p class=\"link-more\"><a href=\"https:\/\/galaplan-groothusen.de\/?page_id=2\" class=\"more-link\"><span class=\"screen-reader-text\">\u201eFreiraumplanung\u201c<\/span> weiterlesen<\/a><\/p>\n","protected":false},"author":1,"featured_media":0,"parent":7,"menu_order":1,"comment_status":"closed","ping_status":"open","template":"","meta":{"ngg_post_thumbnail":0},"_links":{"self":[{"href":"https:\/\/galaplan-groothusen.de\/index.php?rest_route=\/wp\/v2\/pages\/2"}],"collection":[{"href":"https:\/\/galaplan-groothusen.de\/index.php?rest_route=\/wp\/v2\/pages"}],"about":[{"href":"https:\/\/galaplan-groothusen.de\/index.php?rest_route=\/wp\/v2\/types\/page"}],"author":[{"embeddable":true,"href":"https:\/\/galaplan-groothusen.de\/index.php?rest_route=\/wp\/v2\/users\/1"}],"replies":[{"embeddable":true,"href":"https:\/\/galaplan-groothusen.de\/index.php?rest_route=%2Fwp%2Fv2%2Fcomments&post=2"}],"version-history":[{"count":15,"href":"https:\/\/galaplan-groothusen.de\/index.php?rest_route=\/wp\/v2\/pages\/2\/revisions"}],"predecessor-version":[{"id":322,"href":"https:\/\/galaplan-groothusen.de\/index.php?rest_route=\/wp\/v2\/pages\/2\/revisions\/322"}],"up":[{"embeddable":true,"href":"https:\/\/galaplan-groothusen.de\/index.php?rest_route=\/wp\/v2\/pages\/7"}],"wp:attachment":[{"href":"https:\/\/galaplan-groothusen.de\/index.php?rest_route=%2Fwp%2Fv2%2Fmedia&parent=2"}],"curies":[{"name":"wp","href":"https:\/\/api.w.org\/{rel}","templated":true}]}}