{"id":57,"date":"2019-05-28T17:39:41","date_gmt":"2019-05-28T17:39:41","guid":{"rendered":"http:\/\/s785173095.online.de\/?page_id=57"},"modified":"2020-01-26T18:32:44","modified_gmt":"2020-01-26T18:32:44","slug":"landschaftsplanung","status":"publish","type":"page","link":"https:\/\/galaplan-groothusen.de\/?page_id=57","title":{"rendered":"Landschaftsplanung"},"content":{"rendered":"\n<figure class=\"wp-block-image\"><img decoding=\"async\" loading=\"lazy\" width=\"384\" height=\"512\" src=\"http:\/\/galaplan-groothusen.de\/wp-content\/uploads\/2019\/09\/IMG-20160725-WA0018-1-384x512.jpg\" alt=\"\" class=\"wp-image-245\" srcset=\"https:\/\/galaplan-groothusen.de\/wp-content\/uploads\/2019\/09\/IMG-20160725-WA0018-1-384x512.jpg 384w, https:\/\/galaplan-groothusen.de\/wp-content\/uploads\/2019\/09\/IMG-20160725-WA0018-1-225x300.jpg 225w, https:\/\/galaplan-groothusen.de\/wp-content\/uploads\/2019\/09\/IMG-20160725-WA0018-1-768x1024.jpg 768w, https:\/\/galaplan-groothusen.de\/wp-content\/uploads\/2019\/09\/IMG-20160725-WA0018-1.jpg 1200w\" sizes=\"(max-width: 384px) 100vw, 384px\" \/><\/figure>\n\n\n\n<p>Wir erstellen f\u00fcr \u00f6ffentliche und private\nAuftraggeber w\u00e4hrend der Planungsphase neuer Bauvorhaben folgende\nnaturschutzfachliche Gutachten:<\/p>\n\n\n\n<ul><li>Umweltvertr\u00e4glichkeitsstudien (UVS)<\/li><li>Artenschutzfachbeitr\u00e4ge<\/li><li>Landschaftspflegerische Begleitpl\u00e4ne (LBP)<\/li><li>Umweltberichte mit integrierter Eingriffsregelung<\/li><li>Vorpr\u00fcfung der FFH-Vertr\u00e4glichkeit sowie FFH-Vertr\u00e4glichkeitspr\u00fcfungen <br>[FFH steht f\u00fcr Pflanzen (Flora), Tiere (Fauna) und Lebensraumtypen (Habitate). FFH-Gebiete sind spezielle europ\u00e4ische Schutzgebiete, die nach der Fauna-Flora-Habitat-Richtlinie ausgewiesen wurden]<\/li><li>Systematische Erfassung von Biotoptypen<\/li><li>Erfassung von Brut- und Gastv\u00f6geln<\/li><li>Landschaftspflegerische Ausf\u00fchrungsplanung (LAP) und Erstellung von Leistungsverzeichnissen<\/li><\/ul>\n\n\n\n<p>Im Zuge und nach Abschluss der Ausf\u00fchrung geplanter\nBauma\u00dfnahmen bieten wir folgende Leistungen:<\/p>\n\n\n\n<ul><li>\u00d6rtliche Bau\u00fcberwachung f\u00fcr landschaftspflegerische\nMa\u00dfnahmen<\/li><li>Vorhabenbezogene Umweltbaubegleitung (UBB)<\/li><li>Monitoring zur Kontrolle und Steuerung der\nZielvorgaben f\u00fcr Ausgleichs- und Ersatzma\u00dfnahmen <\/li><\/ul>\n\n\n\n<p>Besondere Leistungen:<\/p>\n\n\n\n<ul><li>Vorbereitung, Aufbau und Betreuung von Kompensationsfl\u00e4chenpools f\u00fcr Fl\u00e4cheneigent\u00fcmer in Zusammenarbeit mit:<\/li><\/ul>\n\n\n\n<p><a href=\"http:\/\/www.landwirtschaftlichebetriebe.de\/\">http:\/\/www.landwirtschaftlichebetriebe.de\/<\/a><\/p>\n\n\n\n<p><a href=\"http:\/\/www.kompensation-nord.de\">http:\/\/www.kompensation-nord.de<\/a><\/p>\n","protected":false},"excerpt":{"rendered":"<p>Wir erstellen f\u00fcr \u00f6ffentliche und private Auftraggeber w\u00e4hrend der Planungsphase neuer Bauvorhaben folgende naturschutzfachliche Gutachten: Umweltvertr\u00e4glichkeitsstudien (UVS) Artenschutzfachbeitr\u00e4ge Landschaftspflegerische Begleitpl\u00e4ne (LBP) Umweltberichte mit integrierter Eingriffsregelung Vorpr\u00fcfung der FFH-Vertr\u00e4glichkeit sowie FFH-Vertr\u00e4glichkeitspr\u00fcfungen [FFH steht f\u00fcr Pflanzen (Flora), Tiere (Fauna) und Lebensraumtypen (Habitate). FFH-Gebiete sind spezielle europ\u00e4ische Schutzgebiete, die nach der Fauna-Flora-Habitat-Richtlinie ausgewiesen wurden] Systematische Erfassung von Biotoptypen &hellip; <\/p>\n<p class=\"link-more\"><a href=\"https:\/\/galaplan-groothusen.de\/?page_id=57\" class=\"more-link\"><span class=\"screen-reader-text\">\u201eLandschaftsplanung\u201c<\/span> weiterlesen<\/a><\/p>\n","protected":false},"author":1,"featured_media":0,"parent":7,"menu_order":2,"comment_status":"closed","ping_status":"closed","template":"","meta":{"ngg_post_thumbnail":0},"_links":{"self":[{"href":"https:\/\/galaplan-groothusen.de\/index.php?rest_route=\/wp\/v2\/pages\/57"}],"collection":[{"href":"https:\/\/galaplan-groothusen.de\/index.php?rest_route=\/wp\/v2\/pages"}],"about":[{"href":"https:\/\/galaplan-groothusen.de\/index.php?rest_route=\/wp\/v2\/types\/page"}],"author":[{"embeddable":true,"href":"https:\/\/galaplan-groothusen.de\/index.php?rest_route=\/wp\/v2\/users\/1"}],"replies":[{"embeddable":true,"href":"https:\/\/galaplan-groothusen.de\/index.php?rest_route=%2Fwp%2Fv2%2Fcomments&post=57"}],"version-history":[{"count":12,"href":"https:\/\/galaplan-groothusen.de\/index.php?rest_route=\/wp\/v2\/pages\/57\/revisions"}],"predecessor-version":[{"id":313,"href":"https:\/\/galaplan-groothusen.de\/index.php?rest_route=\/wp\/v2\/pages\/57\/revisions\/313"}],"up":[{"embeddable":true,"href":"https:\/\/galaplan-groothusen.de\/index.php?rest_route=\/wp\/v2\/pages\/7"}],"wp:attachment":[{"href":"https:\/\/galaplan-groothusen.de\/index.php?rest_route=%2Fwp%2Fv2%2Fmedia&parent=57"}],"curies":[{"name":"wp","href":"https:\/\/api.w.org\/{rel}","templated":true}]}}