{"id":65,"date":"2019-05-28T17:48:52","date_gmt":"2019-05-28T17:48:52","guid":{"rendered":"http:\/\/s785173095.online.de\/?page_id=65"},"modified":"2020-01-26T18:55:43","modified_gmt":"2020-01-26T18:55:43","slug":"gutachten","status":"publish","type":"page","link":"https:\/\/galaplan-groothusen.de\/?page_id=65","title":{"rendered":"Gutachten"},"content":{"rendered":"\n<p><\/p>\n\n\n\n<p><strong><em>B\u00e4ume<\/em><\/strong><\/p>\n\n\n\n<figure class=\"wp-block-image\"><img decoding=\"async\" loading=\"lazy\" width=\"384\" height=\"512\" src=\"http:\/\/galaplan-groothusen.de\/wp-content\/uploads\/2019\/09\/P1000790-e1567962815549-384x512.jpg\" alt=\"\" class=\"wp-image-196\" srcset=\"https:\/\/galaplan-groothusen.de\/wp-content\/uploads\/2019\/09\/P1000790-e1567962815549-384x512.jpg 384w, https:\/\/galaplan-groothusen.de\/wp-content\/uploads\/2019\/09\/P1000790-e1567962815549-225x300.jpg 225w, https:\/\/galaplan-groothusen.de\/wp-content\/uploads\/2019\/09\/P1000790-e1567962815549-768x1024.jpg 768w\" sizes=\"(max-width: 384px) 100vw, 384px\" \/><\/figure>\n\n\n\n<ul><li>Beurteilung der Stand- und Bruchsicherheit des Baumes durch die visuelle Beurteilung anhand der K\u00f6rpersprache des Baumes. Bei Bedarf schlie\u00dft sich die Durchf\u00fchrung einer eingehenden Untersuchung an. Daraus resultieren in der Regel Empfehlungen zur Herstellung der Verkehrssicherheit sowie in besonderen F\u00e4llen Ma\u00dfnahmen zur Standortverbesserung<\/li><\/ul>\n\n\n\n<figure class=\"wp-block-image size-large is-resized is-style-default\"><img decoding=\"async\" loading=\"lazy\" src=\"http:\/\/galaplan-groothusen.de\/wp-content\/uploads\/2020\/01\/P1070958_neu-587x512.jpg\" alt=\"\" class=\"wp-image-316\" width=\"384\" height=\"335\" srcset=\"https:\/\/galaplan-groothusen.de\/wp-content\/uploads\/2020\/01\/P1070958_neu-587x512.jpg 587w, https:\/\/galaplan-groothusen.de\/wp-content\/uploads\/2020\/01\/P1070958_neu-300x262.jpg 300w, https:\/\/galaplan-groothusen.de\/wp-content\/uploads\/2020\/01\/P1070958_neu-768x670.jpg 768w, https:\/\/galaplan-groothusen.de\/wp-content\/uploads\/2020\/01\/P1070958_neu-1536x1340.jpg 1536w, https:\/\/galaplan-groothusen.de\/wp-content\/uploads\/2020\/01\/P1070958_neu-2048x1787.jpg 2048w\" sizes=\"(max-width: 384px) 100vw, 384px\" \/><\/figure>\n\n\n\n<ul><li>Geh\u00f6lzwertermittlung nach der Methode Koch f\u00fcr Schadensersatzforderungen bei entstandenen Sch\u00e4den an B\u00e4umen<\/li><li>Artenschutzrechtliche Pr\u00fcfungen vor erheblichen Pflegeeingriffen zur Herstellung der Verkehrssicherheit<\/li><li>Erstdatenerfassung und Regelkontrollen bei besonderen Schadb\u00e4umen<\/li><li>Erstellung von Baumkatastern f\u00fcr regelm\u00e4\u00dfige Verkehrssicherheitskontrollen an Einzelb\u00e4umen und fl\u00e4chigen Best\u00e4nden gem\u00e4\u00df der aktuellen FLL-Baumkontrollrichtlinie (FLL k\u00fcrzt die Forschungsgesellschaft f\u00fcr Landschaftsentwicklung und  Landschaftsbau e.V. ab)<\/li><li> Umweltbaubegleitung f\u00fcr Baumschutzma\u00dfnahmen, die im Zuge von Bauma\u00dfnahmen als Vermeidungsma\u00dfnahmen erforderlich werden k\u00f6nnen <\/li><\/ul>\n\n\n\n<p> <strong><em>Spielger\u00e4te<\/em><\/strong> <\/p>\n\n\n\n<figure class=\"wp-block-image\"><img decoding=\"async\" loading=\"lazy\" width=\"683\" height=\"512\" src=\"http:\/\/galaplan-groothusen.de\/wp-content\/uploads\/2019\/09\/P1120054-1-683x512.jpg\" alt=\"\" class=\"wp-image-250\" srcset=\"https:\/\/galaplan-groothusen.de\/wp-content\/uploads\/2019\/09\/P1120054-1-683x512.jpg 683w, https:\/\/galaplan-groothusen.de\/wp-content\/uploads\/2019\/09\/P1120054-1-300x225.jpg 300w, https:\/\/galaplan-groothusen.de\/wp-content\/uploads\/2019\/09\/P1120054-1-768x576.jpg 768w\" sizes=\"(max-width: 683px) 100vw, 683px\" \/><\/figure>\n\n\n\n<ul><li>Durchf\u00fchrung operativer Inspektionen und der Jahreshauptuntersuchungen f\u00fcr Spielger\u00e4te nach DIN EN 1176-7: 2017<\/li><li>Anlage von Spielger\u00e4tekatastern <\/li><li>Begutachtung und Abnahme neu aufgebauter Spielger\u00e4te auf Grundlage der aktuellen Din EN 1176<\/li><\/ul>\n\n\n\n<figure class=\"wp-block-image\"><img decoding=\"async\" loading=\"lazy\" width=\"683\" height=\"512\" src=\"http:\/\/galaplan-groothusen.de\/wp-content\/uploads\/2019\/09\/P1160362-683x512.jpg\" alt=\"\" class=\"wp-image-251\" srcset=\"https:\/\/galaplan-groothusen.de\/wp-content\/uploads\/2019\/09\/P1160362-683x512.jpg 683w, https:\/\/galaplan-groothusen.de\/wp-content\/uploads\/2019\/09\/P1160362-300x225.jpg 300w, https:\/\/galaplan-groothusen.de\/wp-content\/uploads\/2019\/09\/P1160362-768x576.jpg 768w\" sizes=\"(max-width: 683px) 100vw, 683px\" \/><\/figure>\n\n\n\n<p><strong><em>Garten- und Landschaftsbau<\/em><\/strong><\/p>\n\n\n\n<p>Erstellung von Fachgutachten bei Streitf\u00e4llen zwischen Auftragnehmer und Auftraggeber f\u00fcr Gewerke im Garten- und Landschaftsbau<\/p>\n","protected":false},"excerpt":{"rendered":"<p>B\u00e4ume Beurteilung der Stand- und Bruchsicherheit des Baumes durch die visuelle Beurteilung anhand der K\u00f6rpersprache des Baumes. Bei Bedarf schlie\u00dft sich die Durchf\u00fchrung einer eingehenden Untersuchung an. Daraus resultieren in der Regel Empfehlungen zur Herstellung der Verkehrssicherheit sowie in besonderen F\u00e4llen Ma\u00dfnahmen zur Standortverbesserung Geh\u00f6lzwertermittlung nach der Methode Koch f\u00fcr Schadensersatzforderungen bei entstandenen Sch\u00e4den an &hellip; <\/p>\n<p class=\"link-more\"><a href=\"https:\/\/galaplan-groothusen.de\/?page_id=65\" class=\"more-link\"><span class=\"screen-reader-text\">\u201eGutachten\u201c<\/span> weiterlesen<\/a><\/p>\n","protected":false},"author":1,"featured_media":0,"parent":7,"menu_order":3,"comment_status":"closed","ping_status":"closed","template":"","meta":{"ngg_post_thumbnail":0},"_links":{"self":[{"href":"https:\/\/galaplan-groothusen.de\/index.php?rest_route=\/wp\/v2\/pages\/65"}],"collection":[{"href":"https:\/\/galaplan-groothusen.de\/index.php?rest_route=\/wp\/v2\/pages"}],"about":[{"href":"https:\/\/galaplan-groothusen.de\/index.php?rest_route=\/wp\/v2\/types\/page"}],"author":[{"embeddable":true,"href":"https:\/\/galaplan-groothusen.de\/index.php?rest_route=\/wp\/v2\/users\/1"}],"replies":[{"embeddable":true,"href":"https:\/\/galaplan-groothusen.de\/index.php?rest_route=%2Fwp%2Fv2%2Fcomments&post=65"}],"version-history":[{"count":12,"href":"https:\/\/galaplan-groothusen.de\/index.php?rest_route=\/wp\/v2\/pages\/65\/revisions"}],"predecessor-version":[{"id":318,"href":"https:\/\/galaplan-groothusen.de\/index.php?rest_route=\/wp\/v2\/pages\/65\/revisions\/318"}],"up":[{"embeddable":true,"href":"https:\/\/galaplan-groothusen.de\/index.php?rest_route=\/wp\/v2\/pages\/7"}],"wp:attachment":[{"href":"https:\/\/galaplan-groothusen.de\/index.php?rest_route=%2Fwp%2Fv2%2Fmedia&parent=65"}],"curies":[{"name":"wp","href":"https:\/\/api.w.org\/{rel}","templated":true}]}}