{"id":7,"date":"2019-05-22T15:31:02","date_gmt":"2019-05-22T15:31:02","guid":{"rendered":"http:\/\/s785173095.online.de\/willkommen-auf-http-s785173095-online-de"},"modified":"2020-01-26T18:31:57","modified_gmt":"2020-01-26T18:31:57","slug":"willkommen-auf-http-s785173095-online-de-2","status":"publish","type":"page","link":"https:\/\/galaplan-groothusen.de\/","title":{"rendered":"Willkommen bei Galaplan Groothusen!"},"content":{"rendered":"\n<p>Galaplan Groothusen ist ein seit 1978 in der Krummh\u00f6rn ans\u00e4ssiges Landschaftsplanungsb\u00fcro und seitdem Ihr zuverl\u00e4ssiger Partner f\u00fcr Garten- und Landschaftsplanungen sowie f\u00fcr Baumgutachten. <\/p>\n\n\n\n<p>Inhaber: Dipl.-Ing. Theo Wilken<\/p>\n\n\n\n<figure class=\"wp-block-image\"><img decoding=\"async\" loading=\"lazy\" width=\"225\" height=\"300\" src=\"http:\/\/galaplan-groothusen.de\/wp-content\/uploads\/2019\/09\/P1070921-e1567958634842-225x300.jpg\" alt=\"\" class=\"wp-image-204\" srcset=\"https:\/\/galaplan-groothusen.de\/wp-content\/uploads\/2019\/09\/P1070921-e1567958634842-225x300.jpg 225w, https:\/\/galaplan-groothusen.de\/wp-content\/uploads\/2019\/09\/P1070921-e1567958634842-768x1024.jpg 768w, https:\/\/galaplan-groothusen.de\/wp-content\/uploads\/2019\/09\/P1070921-e1567958634842-384x512.jpg 384w\" sizes=\"(max-width: 225px) 100vw, 225px\" \/><\/figure>\n\n\n\n<p>Beruflicher Werdegang:<\/p>\n\n\n\n<p>1994 bis 1995 Zivildienst als Biotoppfleger f\u00fcr den Naturschutzbund Deutschland im Wasservogelreservat Wallnau auf der Ostseeinsel Fehmarn<\/p>\n\n\n\n<p>1995 bis 1997 Ausbildung zum Landschaftsg\u00e4rtner bei der Firma Braukmann in Loy\/Rastede<\/p>\n\n\n\n<p>1998 bis 2003 Studium zum Diplomingenieur f\u00fcr Landschafts- und Freiraumplanung an der Leibniz Universit\u00e4t zu Hannover<\/p>\n\n\n\n<p>Seit 2004 Mitglied der Architektenkammer Niederachsen<\/p>\n\n\n\n<p>Erste Berufserfahrungen  im Landschaftsplanungsb\u00fcro und im Baubetrieb <\/p>\n\n\n\n<p>Seit Januar 2008 die \u00dcbernahme und Leitung des Landschaftsplanungsb\u00fcros Galaplan Groothusen (Gr\u00fcndungsjahr 1978)<\/p>\n\n\n\n<p>Zus\u00e4tzliche Zertifikate: <\/p>\n\n\n\n<ul><li>1999 Zertifikat f\u00fcr Doppelseilklettertechnik (Stufe A)<\/li><li>2011 FLL zertifizierter Baumkontrolleur<\/li><li>2014 Qualifizierter Spielplatzpr\u00fcfer nach DIN 79161-1 und &#8211; 2<\/li><li>2019 Umweltbaubegleitung <\/li><\/ul>\n\n\n\n<p><\/p>\n\n\n\n<p><\/p>\n\n\n\n<figure class=\"wp-block-image\"><img decoding=\"async\" loading=\"lazy\" width=\"73\" height=\"64\" src=\"http:\/\/galaplan-groothusen.de\/wp-content\/uploads\/2019\/09\/archi.png\" alt=\"\" class=\"wp-image-254\"\/><figcaption>MITGLIED DER <br>ARCHITEKTENKAMMER <br>NIEDERSACHSEN<\/figcaption><\/figure>\n\n\n\n<figure class=\"wp-block-image\"><img alt=\"\"\/><\/figure>\n\n\n\n<p><\/p>\n","protected":false},"excerpt":{"rendered":"<p>Galaplan Groothusen ist ein seit 1978 in der Krummh\u00f6rn ans\u00e4ssiges Landschaftsplanungsb\u00fcro und seitdem Ihr zuverl\u00e4ssiger Partner f\u00fcr Garten- und Landschaftsplanungen sowie f\u00fcr Baumgutachten. Inhaber: Dipl.-Ing. Theo Wilken Beruflicher Werdegang: 1994 bis 1995 Zivildienst als Biotoppfleger f\u00fcr den Naturschutzbund Deutschland im Wasservogelreservat Wallnau auf der Ostseeinsel Fehmarn 1995 bis 1997 Ausbildung zum Landschaftsg\u00e4rtner bei der Firma &hellip; <\/p>\n<p class=\"link-more\"><a href=\"https:\/\/galaplan-groothusen.de\/\" class=\"more-link\"><span class=\"screen-reader-text\">\u201eWillkommen bei Galaplan Groothusen!\u201c<\/span> weiterlesen<\/a><\/p>\n","protected":false},"author":1,"featured_media":187,"parent":0,"menu_order":0,"comment_status":"closed","ping_status":"open","template":"","meta":{"ngg_post_thumbnail":0},"_links":{"self":[{"href":"https:\/\/galaplan-groothusen.de\/index.php?rest_route=\/wp\/v2\/pages\/7"}],"collection":[{"href":"https:\/\/galaplan-groothusen.de\/index.php?rest_route=\/wp\/v2\/pages"}],"about":[{"href":"https:\/\/galaplan-groothusen.de\/index.php?rest_route=\/wp\/v2\/types\/page"}],"author":[{"embeddable":true,"href":"https:\/\/galaplan-groothusen.de\/index.php?rest_route=\/wp\/v2\/users\/1"}],"replies":[{"embeddable":true,"href":"https:\/\/galaplan-groothusen.de\/index.php?rest_route=%2Fwp%2Fv2%2Fcomments&post=7"}],"version-history":[{"count":42,"href":"https:\/\/galaplan-groothusen.de\/index.php?rest_route=\/wp\/v2\/pages\/7\/revisions"}],"predecessor-version":[{"id":312,"href":"https:\/\/galaplan-groothusen.de\/index.php?rest_route=\/wp\/v2\/pages\/7\/revisions\/312"}],"wp:featuredmedia":[{"embeddable":true,"href":"https:\/\/galaplan-groothusen.de\/index.php?rest_route=\/wp\/v2\/media\/187"}],"wp:attachment":[{"href":"https:\/\/galaplan-groothusen.de\/index.php?rest_route=%2Fwp%2Fv2%2Fmedia&parent=7"}],"curies":[{"name":"wp","href":"https:\/\/api.w.org\/{rel}","templated":true}]}}